{"id":206,"date":"2026-04-14T13:38:22","date_gmt":"2026-04-14T13:38:22","guid":{"rendered":"https:\/\/boutique.thebeachmuse.com\/product\/explore-mallorca-off-the-beaten-path-interactive-google-maps-guide\/"},"modified":"2026-04-14T15:07:45","modified_gmt":"2026-04-14T15:07:45","slug":"majorque-hors-des-sentiers-battus-guide-interactif-google-maps","status":"publish","type":"product","link":"https:\/\/boutique.thebeachmuse.com\/fr\/produit\/majorque-hors-des-sentiers-battus-guide-interactif-google-maps\/","title":{"rendered":"Majorque hors des sentiers battus \u2013 Guide interactif Google Maps"},"content":{"rendered":"<p><strong>Ma carte Google Maps de Majorque inclut :<\/strong><\/p>\n<p><img decoding=\"async\" class=\"emoji\" role=\"img\" draggable=\"false\" src=\"https:\/\/s.w.org\/images\/core\/emoji\/17.0.2\/svg\/1f4cc.svg\" alt=\"\ud83d\udccc\" \/>\u00a0<strong>Plus de 50 lieux test\u00e9s personnellement<\/strong>\u00a0pour une exp\u00e9rience unique et m\u00e9morable.<\/p>\n<p><img decoding=\"async\" class=\"emoji\" role=\"img\" draggable=\"false\" src=\"https:\/\/s.w.org\/images\/core\/emoji\/17.0.2\/svg\/1f3d6.svg\" alt=\"\ud83c\udfd6\ufe0f\" \/><strong>\u00a0Les plus belles plages de Majorque<\/strong>\u00a0ainsi que des plages pr\u00e9serv\u00e9es et criques cach\u00e9es \u00e0 l\u2019eau cristalline.<\/p>\n<p><img decoding=\"async\" class=\"emoji\" role=\"img\" draggable=\"false\" src=\"https:\/\/s.w.org\/images\/core\/emoji\/17.0.2\/svg\/1f37d.svg\" alt=\"\ud83c\udf7d\ufe0f\" \/>\u00a0<strong>Mes restaurants pr\u00e9f\u00e9r\u00e9s<\/strong>\u00a0pour savourer la gastronomie locale loin des foules.<\/p>\n<p><img decoding=\"async\" class=\"emoji\" role=\"img\" draggable=\"false\" src=\"https:\/\/s.w.org\/images\/core\/emoji\/17.0.2\/svg\/1f4f8.svg\" alt=\"\ud83d\udcf8\" \/>\u00a0<strong>Des lieux insolites et instagrammables<\/strong>\u00a0pour immortaliser ton s\u00e9jour.<\/p>\n<p>&nbsp;<\/p>\n<p>Tu recevras le lien Maps par email apr\u00e8s avoir effectu\u00e9 ton achat. Il te suffit ensuite d\u2019ouvrir Google Maps et de te laisser guider vers les tr\u00e9sors cach\u00e9s de Majorque !<\/p>\n<p>&nbsp;<\/p>\n<p><strong>Pr\u00eat(e) \u00e0 explorer Majorque autrement ?<\/strong><\/p>\n","protected":false},"excerpt":{"rendered":"<p data-pm-slice=\"1 1 []\"><strong>D\u00e9couvre Majorque comme jamais auparavant<\/strong> gr\u00e2ce \u00e0 mon guide interactif Google Maps sp\u00e9cialement con\u00e7u pour te faire vivre <strong>une exp\u00e9rience authentique et loin du tourisme de masse<\/strong> ! Apr\u00e8s avoir explor\u00e9 l&rsquo;\u00eele, je te livre mes meilleures adresses et lieux secrets pour un s\u00e9jour inoubliable. Fini les heures de recherche et les pi\u00e8ges \u00e0 touristes !<\/p>\n","protected":false},"featured_media":202,"comment_status":"open","ping_status":"closed","template":"","meta":[],"product_brand":[],"product_cat":[27],"product_tag":[],"class_list":{"0":"post-206","1":"product","2":"type-product","3":"status-publish","4":"has-post-thumbnail","6":"product_cat-non-classe","8":"first","9":"instock","10":"downloadable","11":"virtual","12":"sold-individually","13":"purchasable","14":"product-type-simple"},"_links":{"self":[{"href":"https:\/\/boutique.thebeachmuse.com\/fr\/wp-json\/wp\/v2\/product\/206","targetHints":{"allow":["GET"]}}],"collection":[{"href":"https:\/\/boutique.thebeachmuse.com\/fr\/wp-json\/wp\/v2\/product"}],"about":[{"href":"https:\/\/boutique.thebeachmuse.com\/fr\/wp-json\/wp\/v2\/types\/product"}],"replies":[{"embeddable":true,"href":"https:\/\/boutique.thebeachmuse.com\/fr\/wp-json\/wp\/v2\/comments?post=206"}],"wp:featuredmedia":[{"embeddable":true,"href":"https:\/\/boutique.thebeachmuse.com\/fr\/wp-json\/wp\/v2\/media\/202"}],"wp:attachment":[{"href":"https:\/\/boutique.thebeachmuse.com\/fr\/wp-json\/wp\/v2\/media?parent=206"}],"wp:term":[{"taxonomy":"product_brand","embeddable":true,"href":"https:\/\/boutique.thebeachmuse.com\/fr\/wp-json\/wp\/v2\/product_brand?post=206"},{"taxonomy":"product_cat","embeddable":true,"href":"https:\/\/boutique.thebeachmuse.com\/fr\/wp-json\/wp\/v2\/product_cat?post=206"},{"taxonomy":"product_tag","embeddable":true,"href":"https:\/\/boutique.thebeachmuse.com\/fr\/wp-json\/wp\/v2\/product_tag?post=206"}],"curies":[{"name":"wp","href":"https:\/\/api.w.org\/{rel}","templated":true}]}}