{"id":225,"date":"2026-04-17T07:45:45","date_gmt":"2026-04-17T07:45:45","guid":{"rendered":"https:\/\/boutique.thebeachmuse.com\/product\/explore-crete-like-a-local-interactive-google-maps-guide\/"},"modified":"2026-04-17T15:21:53","modified_gmt":"2026-04-17T15:21:53","slug":"explore-la-crete-comme-un-local-guide-interactif-google-maps","status":"publish","type":"product","link":"https:\/\/boutique.thebeachmuse.com\/fr\/produit\/explore-la-crete-comme-un-local-guide-interactif-google-maps\/","title":{"rendered":"Explore la Cr\u00e8te comme un local \u2013 Guide interactif Google Maps"},"content":{"rendered":"<p><strong>Ma carte Google Maps de la Cr\u00e8te inclut :<\/strong><\/p>\n<p>\ud83d\udccc <strong>Plus de 60 lieux personnellement test\u00e9s<\/strong> pour te garantir des exp\u00e9riences m\u00e9morables.<\/p>\n<p>\ud83c\udf7d\ufe0f <strong>Des restaurants authentiques<\/strong> ador\u00e9s par les locaux ainsi que des adresses tendances.<\/p>\n<p>\ud83c\udfd6\ufe0f <strong>Des plages spectaculaires<\/strong> que tu vas adorer.<\/p>\n<p>\ud83d\udcf8 <strong>Toutes les attractions principales<\/strong> ainsi que des endroits en dehors des sentiers battus \u00e0 ne pas rater.<\/p>\n<p>&nbsp;<\/p>\n<p>Ouvre simplement Google Maps et commence \u00e0 explorer : c\u2019est aussi simple que \u00e7a !<\/p>\n<p>&nbsp;<\/p>\n<p><strong>Pr\u00eat(e) \u00e0 d\u00e9couvrir la Cr\u00e8te ?<\/strong><\/p>\n","protected":false},"excerpt":{"rendered":"<p><strong>Gagne des heures de recherche et d\u00e9couvre le meilleur de la Cr\u00e8te comme un(e) local(e) !<\/strong> Ce guide interactif Google Maps, soigneusement con\u00e7u par mes soins, te d\u00e9voile les meilleurs restaurants, des plages magnifiques et les incontournables \u00e0 ne surtout pas manquer sur l\u2019\u00eele.<\/p>\n","protected":false},"featured_media":233,"comment_status":"open","ping_status":"closed","template":"","meta":{"_kad_post_transparent":"","_kad_post_title":"","_kad_post_layout":"","_kad_post_sidebar_id":"","_kad_post_content_style":"","_kad_post_vertical_padding":"","_kad_post_feature":"","_kad_post_feature_position":"","_kad_post_header":false,"_kad_post_footer":false,"_kad_post_classname":""},"product_brand":[],"product_cat":[27],"product_tag":[],"class_list":{"0":"post-225","1":"product","2":"type-product","3":"status-publish","4":"has-post-thumbnail","6":"product_cat-non-classe","8":"first","9":"instock","10":"downloadable","11":"virtual","12":"sold-individually","13":"purchasable","14":"product-type-simple","15":"entry","16":"content-bg","17":"loop-entry"},"_links":{"self":[{"href":"https:\/\/boutique.thebeachmuse.com\/fr\/wp-json\/wp\/v2\/product\/225","targetHints":{"allow":["GET"]}}],"collection":[{"href":"https:\/\/boutique.thebeachmuse.com\/fr\/wp-json\/wp\/v2\/product"}],"about":[{"href":"https:\/\/boutique.thebeachmuse.com\/fr\/wp-json\/wp\/v2\/types\/product"}],"replies":[{"embeddable":true,"href":"https:\/\/boutique.thebeachmuse.com\/fr\/wp-json\/wp\/v2\/comments?post=225"}],"wp:featuredmedia":[{"embeddable":true,"href":"https:\/\/boutique.thebeachmuse.com\/fr\/wp-json\/wp\/v2\/media\/233"}],"wp:attachment":[{"href":"https:\/\/boutique.thebeachmuse.com\/fr\/wp-json\/wp\/v2\/media?parent=225"}],"wp:term":[{"taxonomy":"product_brand","embeddable":true,"href":"https:\/\/boutique.thebeachmuse.com\/fr\/wp-json\/wp\/v2\/product_brand?post=225"},{"taxonomy":"product_cat","embeddable":true,"href":"https:\/\/boutique.thebeachmuse.com\/fr\/wp-json\/wp\/v2\/product_cat?post=225"},{"taxonomy":"product_tag","embeddable":true,"href":"https:\/\/boutique.thebeachmuse.com\/fr\/wp-json\/wp\/v2\/product_tag?post=225"}],"curies":[{"name":"wp","href":"https:\/\/api.w.org\/{rel}","templated":true}]}}