{"id":234,"date":"2026-04-17T07:45:28","date_gmt":"2026-04-17T07:45:28","guid":{"rendered":"https:\/\/boutique.thebeachmuse.com\/product\/explore-athens-like-a-local-interactive-google-maps-guide\/"},"modified":"2026-04-17T15:29:33","modified_gmt":"2026-04-17T15:29:33","slug":"explore-athenes-comme-un-local-guide-interactif-google-maps","status":"publish","type":"product","link":"https:\/\/boutique.thebeachmuse.com\/fr\/produit\/explore-athenes-comme-un-local-guide-interactif-google-maps\/","title":{"rendered":"Explore Ath\u00e8nes comme un local \u2013 Guide interactif Google Maps"},"content":{"rendered":"<p><strong>Ma liste Google Maps d&rsquo;Ath\u00e8nes inclut :<\/strong><\/p>\n<p class=\"font-claude-response-body break-words whitespace-normal leading-[1.7]\">\ud83d\udccc Plus de 80 adresses test\u00e9es personnellement, organis\u00e9es par cat\u00e9gorie pour te garantir une exp\u00e9rience inoubliable !<\/p>\n<p class=\"font-claude-response-body break-words whitespace-pre-wrap leading-[1.7]\">\ud83e\udd5e Petit-d\u00e9jeuner et brunch, les adresses qui valent le d\u00e9tour<br \/>\u2615 O\u00f9 boire le meilleur freddo espresso grec de la ville <br \/>\ud83e\udd59 Souvlaki, loukoumades et les adresses de street food o\u00f9 je retourne \u00e0 chaque fois <br \/>\ud83c\udf7d\ufe0f Tavernas et cuisine grecque, de Monastiraki \u00e0 Koukaki, mes adresses pr\u00e9f\u00e9r\u00e9es<br \/>\ud83c\udf05 Rooftops avec la meilleure vue sur l&rsquo;Acropole <br \/>\ud83c\udf78 Bars \u00e0 cocktails et sorties, les endroits que j&rsquo;adore<br \/>\ud83c\udf66 Les meilleures glaces et pauses go\u00fbter de la ville <br \/>\ud83d\udecd\ufe0f Shopping, \u00e9pices, design local et vrais souvenirs <br \/>\ud83c\udfdb\ufe0f Les sites incontournables d&rsquo;Ath\u00e8nes ainsi que des coins secrets loin de la foule touristique<br \/>\ud83c\udfa8 Mus\u00e9es, culture et un cin\u00e9ma en plein air <br \/>\ud83c\udfd6\ufe0f Plages et beach clubs le long de la Riviera ath\u00e9nienne <br \/>\ud83d\udee5\ufe0f Excursions \u00e0 la journ\u00e9e, dont le cap Sounion<\/p>\n<p>J&rsquo;ai visit\u00e9 chaque adresse de cette liste. Derni\u00e8re mise \u00e0 jour : avril 2026.<\/p>\n<p><strong>Pr\u00eat(e) \u00e0 vivre Ath\u00e8nes comme un v\u00e9ritable local ?<\/strong><\/p>\n\n<style>.kt-accordion-id234_f6750b-4e .kt-accordion-inner-wrap{column-gap:var(--global-kb-gap-md, 2rem);row-gap:10px;}.kt-accordion-id234_f6750b-4e .kt-accordion-panel-inner{border-top:0px solid transparent;border-right:0px solid transparent;border-bottom:0px solid transparent;border-left:0px solid transparent;background:#ffffff;padding-top:var(--global-kb-spacing-sm, 1.5rem);padding-right:var(--global-kb-spacing-sm, 1.5rem);padding-bottom:var(--global-kb-spacing-sm, 1.5rem);padding-left:var(--global-kb-spacing-sm, 1.5rem);}.kt-accordion-id234_f6750b-4e > .kt-accordion-inner-wrap > .wp-block-kadence-pane > .kt-accordion-header-wrap > .kt-blocks-accordion-header{border-top:0px solid #f2f2f2;border-right:0px solid #f2f2f2;border-bottom:0px solid #f2f2f2;border-left:0px solid #f2f2f2;border-top-left-radius:6px;border-top-right-radius:6px;border-bottom-right-radius:6px;border-bottom-left-radius:6px;background:var(--global-palette9, #ffffff);font-size:var(--global-kb-font-size-sm, 0.9rem);color:var(--global-palette3, #1A202C);padding-top:13px;padding-right:15px;padding-bottom:13px;padding-left:15px;}.kt-accordion-id234_f6750b-4e:not( .kt-accodion-icon-style-basiccircle ):not( .kt-accodion-icon-style-xclosecircle ):not( .kt-accodion-icon-style-arrowcircle )  > .kt-accordion-inner-wrap > .wp-block-kadence-pane > .kt-accordion-header-wrap .kt-blocks-accordion-icon-trigger:after, .kt-accordion-id234_f6750b-4e:not( .kt-accodion-icon-style-basiccircle ):not( .kt-accodion-icon-style-xclosecircle ):not( .kt-accodion-icon-style-arrowcircle )  > .kt-accordion-inner-wrap > .wp-block-kadence-pane > .kt-accordion-header-wrap .kt-blocks-accordion-icon-trigger:before{background:var(--global-palette3, #1A202C);}.kt-accordion-id234_f6750b-4e:not( .kt-accodion-icon-style-basic ):not( .kt-accodion-icon-style-xclose ):not( .kt-accodion-icon-style-arrow ) .kt-blocks-accordion-icon-trigger{background:var(--global-palette3, #1A202C);}.kt-accordion-id234_f6750b-4e:not( .kt-accodion-icon-style-basic ):not( .kt-accodion-icon-style-xclose ):not( .kt-accodion-icon-style-arrow ) .kt-blocks-accordion-icon-trigger:after, .kt-accordion-id234_f6750b-4e:not( .kt-accodion-icon-style-basic ):not( .kt-accodion-icon-style-xclose ):not( .kt-accodion-icon-style-arrow ) .kt-blocks-accordion-icon-trigger:before{background:var(--global-palette9, #ffffff);}.kt-accordion-id234_f6750b-4e > .kt-accordion-inner-wrap > .wp-block-kadence-pane > .kt-accordion-header-wrap > .kt-blocks-accordion-header:hover, \n\t\t\t\tbody:not(.hide-focus-outline) .kt-accordion-id234_f6750b-4e .kt-blocks-accordion-header:focus-visible{color:var(--global-palette3, #1A202C);background:var(--global-palette1, #3182CE);border-top:0px solid #878787;border-right:0px solid #878787;border-bottom:0px solid #878787;border-left:0px solid #878787;}.kt-accordion-id234_f6750b-4e:not( .kt-accodion-icon-style-basiccircle ):not( .kt-accodion-icon-style-xclosecircle ):not( .kt-accodion-icon-style-arrowcircle ) .kt-accordion-header-wrap .kt-blocks-accordion-header:hover .kt-blocks-accordion-icon-trigger:after, .kt-accordion-id234_f6750b-4e:not( .kt-accodion-icon-style-basiccircle ):not( .kt-accodion-icon-style-xclosecircle ):not( .kt-accodion-icon-style-arrowcircle ) .kt-accordion-header-wrap .kt-blocks-accordion-header:hover .kt-blocks-accordion-icon-trigger:before, body:not(.hide-focus-outline) .kt-accordion-id234_f6750b-4e:not( .kt-accodion-icon-style-basiccircle ):not( .kt-accodion-icon-style-xclosecircle ):not( .kt-accodion-icon-style-arrowcircle ) .kt-blocks-accordion--visible .kt-blocks-accordion-icon-trigger:after, body:not(.hide-focus-outline) .kt-accordion-id234_f6750b-4e:not( .kt-accodion-icon-style-basiccircle ):not( .kt-accodion-icon-style-xclosecircle ):not( .kt-accodion-icon-style-arrowcircle ) .kt-blocks-accordion-header:focus-visible .kt-blocks-accordion-icon-trigger:before{background:var(--global-palette3, #1A202C);}.kt-accordion-id234_f6750b-4e:not( .kt-accodion-icon-style-basic ):not( .kt-accodion-icon-style-xclose ):not( .kt-accodion-icon-style-arrow ) .kt-accordion-header-wrap .kt-blocks-accordion-header:hover .kt-blocks-accordion-icon-trigger, body:not(.hide-focus-outline) .kt-accordion-id234_f6750b-4e:not( .kt-accodion-icon-style-basic ):not( .kt-accodion-icon-style-xclose ):not( .kt-accodion-icon-style-arrow ) .kt-accordion-header-wrap .kt-blocks-accordion-header:focus-visible .kt-blocks-accordion-icon-trigger{background:var(--global-palette3, #1A202C);}.kt-accordion-id234_f6750b-4e:not( .kt-accodion-icon-style-basic ):not( .kt-accodion-icon-style-xclose ):not( .kt-accodion-icon-style-arrow ) .kt-accordion-header-wrap .kt-blocks-accordion-header:hover .kt-blocks-accordion-icon-trigger:after, .kt-accordion-id234_f6750b-4e:not( .kt-accodion-icon-style-basic ):not( .kt-accodion-icon-style-xclose ):not( .kt-accodion-icon-style-arrow ) .kt-accordion-header-wrap .kt-blocks-accordion-header:hover .kt-blocks-accordion-icon-trigger:before, body:not(.hide-focus-outline) .kt-accordion-id234_f6750b-4e:not( .kt-accodion-icon-style-basic ):not( .kt-accodion-icon-style-xclose ):not( .kt-accodion-icon-style-arrow ) .kt-accordion-header-wrap .kt-blocks-accordion-header:focus-visible .kt-blocks-accordion-icon-trigger:after, body:not(.hide-focus-outline) .kt-accordion-id234_f6750b-4e:not( .kt-accodion-icon-style-basic ):not( .kt-accodion-icon-style-xclose ):not( .kt-accodion-icon-style-arrow ) .kt-accordion-header-wrap .kt-blocks-accordion-header:focus-visible .kt-blocks-accordion-icon-trigger:before{background:var(--global-palette1, #3182CE);}.kt-accordion-id234_f6750b-4e .kt-accordion-header-wrap .kt-blocks-accordion-header:focus-visible,\n\t\t\t\t.kt-accordion-id234_f6750b-4e > .kt-accordion-inner-wrap > .wp-block-kadence-pane > .kt-accordion-header-wrap > .kt-blocks-accordion-header.kt-accordion-panel-active{color:var(--global-palette3, #1A202C);background:var(--global-palette1, #3182CE);border-top:0px solid #BE530B;border-right:0px solid #BE530B;border-bottom:0px solid #BE530B;border-left:0px solid #BE530B;}.kt-accordion-id234_f6750b-4e:not( .kt-accodion-icon-style-basiccircle ):not( .kt-accodion-icon-style-xclosecircle ):not( .kt-accodion-icon-style-arrowcircle )  > .kt-accordion-inner-wrap > .wp-block-kadence-pane > .kt-accordion-header-wrap > .kt-blocks-accordion-header.kt-accordion-panel-active .kt-blocks-accordion-icon-trigger:after, .kt-accordion-id234_f6750b-4e:not( .kt-accodion-icon-style-basiccircle ):not( .kt-accodion-icon-style-xclosecircle ):not( .kt-accodion-icon-style-arrowcircle )  > .kt-accordion-inner-wrap > .wp-block-kadence-pane > .kt-accordion-header-wrap > .kt-blocks-accordion-header.kt-accordion-panel-active .kt-blocks-accordion-icon-trigger:before{background:var(--global-palette3, #1A202C);}.kt-accordion-id234_f6750b-4e:not( .kt-accodion-icon-style-basic ):not( .kt-accodion-icon-style-xclose ):not( .kt-accodion-icon-style-arrow ) .kt-blocks-accordion-header.kt-accordion-panel-active .kt-blocks-accordion-icon-trigger{background:var(--global-palette3, #1A202C);}.kt-accordion-id234_f6750b-4e:not( .kt-accodion-icon-style-basic ):not( .kt-accodion-icon-style-xclose ):not( .kt-accodion-icon-style-arrow ) .kt-blocks-accordion-header.kt-accordion-panel-active .kt-blocks-accordion-icon-trigger:after, .kt-accordion-id234_f6750b-4e:not( .kt-accodion-icon-style-basic ):not( .kt-accodion-icon-style-xclose ):not( .kt-accodion-icon-style-arrow ) .kt-blocks-accordion-header.kt-accordion-panel-active .kt-blocks-accordion-icon-trigger:before{background:var(--global-palette1, #3182CE);}@media all and (max-width: 1024px){.kt-accordion-id234_f6750b-4e .kt-accordion-panel-inner{border-top:0px solid transparent;border-right:0px solid transparent;border-bottom:0px solid transparent;border-left:0px solid transparent;}}@media all and (max-width: 1024px){.kt-accordion-id234_f6750b-4e > .kt-accordion-inner-wrap > .wp-block-kadence-pane > .kt-accordion-header-wrap > .kt-blocks-accordion-header{border-top:0px solid #f2f2f2;border-right:0px solid #f2f2f2;border-bottom:0px solid #f2f2f2;border-left:0px solid #f2f2f2;}}@media all and (max-width: 1024px){.kt-accordion-id234_f6750b-4e > .kt-accordion-inner-wrap > .wp-block-kadence-pane > .kt-accordion-header-wrap > .kt-blocks-accordion-header:hover, \n\t\t\t\tbody:not(.hide-focus-outline) .kt-accordion-id234_f6750b-4e .kt-blocks-accordion-header:focus-visible{border-top:0px solid #878787;border-right:0px solid #878787;border-bottom:0px solid #878787;border-left:0px solid #878787;}}@media all and (max-width: 1024px){.kt-accordion-id234_f6750b-4e .kt-accordion-header-wrap .kt-blocks-accordion-header:focus-visible,\n\t\t\t\t.kt-accordion-id234_f6750b-4e > .kt-accordion-inner-wrap > .wp-block-kadence-pane > .kt-accordion-header-wrap > .kt-blocks-accordion-header.kt-accordion-panel-active{border-top:0px solid #BE530B;border-right:0px solid #BE530B;border-bottom:0px solid #BE530B;border-left:0px solid #BE530B;}}@media all and (max-width: 767px){.kt-accordion-id234_f6750b-4e .kt-accordion-inner-wrap{display:block;}.kt-accordion-id234_f6750b-4e .kt-accordion-inner-wrap .kt-accordion-pane:not(:first-child){margin-top:10px;}.kt-accordion-id234_f6750b-4e .kt-accordion-panel-inner{border-top:0px solid transparent;border-right:0px solid transparent;border-bottom:0px solid transparent;border-left:0px solid transparent;}.kt-accordion-id234_f6750b-4e > .kt-accordion-inner-wrap > .wp-block-kadence-pane > .kt-accordion-header-wrap > .kt-blocks-accordion-header{border-top:0px solid #f2f2f2;border-right:0px solid #f2f2f2;border-bottom:0px solid #f2f2f2;border-left:0px solid #f2f2f2;}.kt-accordion-id234_f6750b-4e > .kt-accordion-inner-wrap > .wp-block-kadence-pane > .kt-accordion-header-wrap > .kt-blocks-accordion-header:hover, \n\t\t\t\tbody:not(.hide-focus-outline) .kt-accordion-id234_f6750b-4e .kt-blocks-accordion-header:focus-visible{border-top:0px solid #878787;border-right:0px solid #878787;border-bottom:0px solid #878787;border-left:0px solid #878787;}.kt-accordion-id234_f6750b-4e .kt-accordion-header-wrap .kt-blocks-accordion-header:focus-visible,\n\t\t\t\t.kt-accordion-id234_f6750b-4e > .kt-accordion-inner-wrap > .wp-block-kadence-pane > .kt-accordion-header-wrap > .kt-blocks-accordion-header.kt-accordion-panel-active{border-top:0px solid #BE530B;border-right:0px solid #BE530B;border-bottom:0px solid #BE530B;border-left:0px solid #BE530B;}}<\/style>\n<div class=\"wp-block-kadence-accordion alignnone\"><div class=\"kt-accordion-wrap kt-accordion-id234_f6750b-4e kt-accordion-has-5-panes kt-active-pane-0 kt-accordion-block kt-pane-header-alignment-left kt-accodion-icon-style-basic kt-accodion-icon-side-right\" style=\"max-width:none\"><div class=\"kt-accordion-inner-wrap\" data-allow-multiple-open=\"false\" data-start-open=\"0\">\n<div class=\"wp-block-kadence-pane kt-accordion-pane kt-accordion-pane-1 kt-pane234_5544b6-8d\"><div class=\"kt-accordion-header-wrap\"><button class=\"kt-blocks-accordion-header kt-acccordion-button-label-show\" type=\"button\"><span class=\"kt-blocks-accordion-title-wrap\"><span class=\"kt-blocks-accordion-title\"><strong>Comment \u00e7a fonctionne ?<\/strong><\/span><\/span><span class=\"kt-blocks-accordion-icon-trigger\"><\/span><\/button><\/div><div class=\"kt-accordion-panel kt-accordion-panel-hidden\"><div class=\"kt-accordion-panel-inner\"><style>.wp-block-kadence-advancedheading.kt-adv-heading234_135410-7d, .wp-block-kadence-advancedheading.kt-adv-heading234_135410-7d[data-kb-block=\"kb-adv-heading234_135410-7d\"]{font-style:normal;}.wp-block-kadence-advancedheading.kt-adv-heading234_135410-7d mark.kt-highlight, .wp-block-kadence-advancedheading.kt-adv-heading234_135410-7d[data-kb-block=\"kb-adv-heading234_135410-7d\"] mark.kt-highlight{font-style:normal;color:#f76a0c;-webkit-box-decoration-break:clone;box-decoration-break:clone;padding-top:0px;padding-right:0px;padding-bottom:0px;padding-left:0px;}.wp-block-kadence-advancedheading.kt-adv-heading234_135410-7d img.kb-inline-image, .wp-block-kadence-advancedheading.kt-adv-heading234_135410-7d[data-kb-block=\"kb-adv-heading234_135410-7d\"] img.kb-inline-image{width:150px;vertical-align:baseline;}<\/style>\n<p class=\"kt-adv-heading234_135410-7d wp-block-kadence-advancedheading\" data-kb-block=\"kb-adv-heading234_135410-7d\">Une fois ton achat valid\u00e9, tu re\u00e7ois un lien par email. Tu cliques, tu sauvegardes la liste dans Google Maps, et tu peux commencer \u00e0 explorer !<\/p>\n<\/div><\/div><\/div>\n\n\n\n<div class=\"wp-block-kadence-pane kt-accordion-pane kt-accordion-pane-2 kt-pane234_acc920-c4\"><div class=\"kt-accordion-header-wrap\"><button class=\"kt-blocks-accordion-header kt-acccordion-button-label-show\" type=\"button\"><span class=\"kt-blocks-accordion-title-wrap\"><span class=\"kt-blocks-accordion-title\"><strong>\u00c7a marche sur iPhone et Android ?<\/strong><\/span><\/span><span class=\"kt-blocks-accordion-icon-trigger\"><\/span><\/button><\/div><div class=\"kt-accordion-panel kt-accordion-panel-hidden\"><div class=\"kt-accordion-panel-inner\"><style>.wp-block-kadence-advancedheading.kt-adv-heading234_217328-c6, .wp-block-kadence-advancedheading.kt-adv-heading234_217328-c6[data-kb-block=\"kb-adv-heading234_217328-c6\"]{font-style:normal;}.wp-block-kadence-advancedheading.kt-adv-heading234_217328-c6 mark.kt-highlight, .wp-block-kadence-advancedheading.kt-adv-heading234_217328-c6[data-kb-block=\"kb-adv-heading234_217328-c6\"] mark.kt-highlight{font-style:normal;color:#f76a0c;-webkit-box-decoration-break:clone;box-decoration-break:clone;padding-top:0px;padding-right:0px;padding-bottom:0px;padding-left:0px;}.wp-block-kadence-advancedheading.kt-adv-heading234_217328-c6 img.kb-inline-image, .wp-block-kadence-advancedheading.kt-adv-heading234_217328-c6[data-kb-block=\"kb-adv-heading234_217328-c6\"] img.kb-inline-image{width:150px;vertical-align:baseline;}<\/style>\n<p class=\"kt-adv-heading234_217328-c6 wp-block-kadence-advancedheading\" data-kb-block=\"kb-adv-heading234_217328-c6\">Oui, sur les deux ! Il te faut juste l&rsquo;application Google Maps gratuite.<\/p>\n<\/div><\/div><\/div>\n\n\n\n<div class=\"wp-block-kadence-pane kt-accordion-pane kt-accordion-pane-3 kt-pane234_47b683-e6\"><div class=\"kt-accordion-header-wrap\"><button class=\"kt-blocks-accordion-header kt-acccordion-button-label-show\" type=\"button\"><span class=\"kt-blocks-accordion-title-wrap\"><span class=\"kt-blocks-accordion-title\"><strong>Est-ce que je peux l&rsquo;utiliser hors connexion ?<\/strong><\/span><\/span><span class=\"kt-blocks-accordion-icon-trigger\"><\/span><\/button><\/div><div class=\"kt-accordion-panel kt-accordion-panel-hidden\"><div class=\"kt-accordion-panel-inner\"><style>.wp-block-kadence-advancedheading.kt-adv-heading234_285204-dd, .wp-block-kadence-advancedheading.kt-adv-heading234_285204-dd[data-kb-block=\"kb-adv-heading234_285204-dd\"]{font-style:normal;}.wp-block-kadence-advancedheading.kt-adv-heading234_285204-dd mark.kt-highlight, .wp-block-kadence-advancedheading.kt-adv-heading234_285204-dd[data-kb-block=\"kb-adv-heading234_285204-dd\"] mark.kt-highlight{font-style:normal;color:#f76a0c;-webkit-box-decoration-break:clone;box-decoration-break:clone;padding-top:0px;padding-right:0px;padding-bottom:0px;padding-left:0px;}.wp-block-kadence-advancedheading.kt-adv-heading234_285204-dd img.kb-inline-image, .wp-block-kadence-advancedheading.kt-adv-heading234_285204-dd[data-kb-block=\"kb-adv-heading234_285204-dd\"] img.kb-inline-image{width:150px;vertical-align:baseline;}<\/style>\n<p class=\"kt-adv-heading234_285204-dd wp-block-kadence-advancedheading\" data-kb-block=\"kb-adv-heading234_285204-dd\">Oui ! Une fois sauvegard\u00e9e, ta liste est accessible sans wifi. Parfait pour naviguer sans data.<\/p>\n<\/div><\/div><\/div>\n\n\n\n<div class=\"wp-block-kadence-pane kt-accordion-pane kt-accordion-pane-4 kt-pane234_7bccf4-05\"><div class=\"kt-accordion-header-wrap\"><button class=\"kt-blocks-accordion-header kt-acccordion-button-label-show\" type=\"button\"><span class=\"kt-blocks-accordion-title-wrap\"><span class=\"kt-blocks-accordion-title\"><strong>La liste est mise \u00e0 jour ?<\/strong><\/span><\/span><span class=\"kt-blocks-accordion-icon-trigger\"><\/span><\/button><\/div><div class=\"kt-accordion-panel kt-accordion-panel-hidden\"><div class=\"kt-accordion-panel-inner\"><style>.wp-block-kadence-advancedheading.kt-adv-heading234_509c82-32, .wp-block-kadence-advancedheading.kt-adv-heading234_509c82-32[data-kb-block=\"kb-adv-heading234_509c82-32\"]{font-style:normal;}.wp-block-kadence-advancedheading.kt-adv-heading234_509c82-32 mark.kt-highlight, .wp-block-kadence-advancedheading.kt-adv-heading234_509c82-32[data-kb-block=\"kb-adv-heading234_509c82-32\"] mark.kt-highlight{font-style:normal;color:#f76a0c;-webkit-box-decoration-break:clone;box-decoration-break:clone;padding-top:0px;padding-right:0px;padding-bottom:0px;padding-left:0px;}.wp-block-kadence-advancedheading.kt-adv-heading234_509c82-32 img.kb-inline-image, .wp-block-kadence-advancedheading.kt-adv-heading234_509c82-32[data-kb-block=\"kb-adv-heading234_509c82-32\"] img.kb-inline-image{width:150px;vertical-align:baseline;}<\/style>\n<p class=\"kt-adv-heading234_509c82-32 wp-block-kadence-advancedheading\" data-kb-block=\"kb-adv-heading234_509c82-32\">Je la mets \u00e0 jour apr\u00e8s chaque voyage \u00e0 Ath\u00e8nes. Derni\u00e8re mise \u00e0 jour : avril 2026.<\/p>\n<\/div><\/div><\/div>\n\n\n\n<div class=\"wp-block-kadence-pane kt-accordion-pane kt-accordion-pane-5 kt-pane234_42fe5b-3d\"><div class=\"kt-accordion-header-wrap\"><button class=\"kt-blocks-accordion-header kt-acccordion-button-label-show\" type=\"button\"><span class=\"kt-blocks-accordion-title-wrap\"><span class=\"kt-blocks-accordion-title\"><strong>Je peux la partager avec quelqu&rsquo;un ?<\/strong><\/span><\/span><span class=\"kt-blocks-accordion-icon-trigger\"><\/span><\/button><\/div><div class=\"kt-accordion-panel kt-accordion-panel-hidden\"><div class=\"kt-accordion-panel-inner\"><style>.wp-block-kadence-advancedheading.kt-adv-heading234_768b62-f3, .wp-block-kadence-advancedheading.kt-adv-heading234_768b62-f3[data-kb-block=\"kb-adv-heading234_768b62-f3\"]{font-style:normal;}.wp-block-kadence-advancedheading.kt-adv-heading234_768b62-f3 mark.kt-highlight, .wp-block-kadence-advancedheading.kt-adv-heading234_768b62-f3[data-kb-block=\"kb-adv-heading234_768b62-f3\"] mark.kt-highlight{font-style:normal;color:#f76a0c;-webkit-box-decoration-break:clone;box-decoration-break:clone;padding-top:0px;padding-right:0px;padding-bottom:0px;padding-left:0px;}.wp-block-kadence-advancedheading.kt-adv-heading234_768b62-f3 img.kb-inline-image, .wp-block-kadence-advancedheading.kt-adv-heading234_768b62-f3[data-kb-block=\"kb-adv-heading234_768b62-f3\"] img.kb-inline-image{width:150px;vertical-align:baseline;}<\/style>\n<p class=\"kt-adv-heading234_768b62-f3 wp-block-kadence-advancedheading\" data-kb-block=\"kb-adv-heading234_768b62-f3\">Le guide est pour usage personnel, mais tu peux bien s\u00fbr explorer Ath\u00e8nes avec qui tu veux !<\/p>\n<\/div><\/div><\/div>\n<\/div><\/div><\/div>\n\n\n\n<p><\/p>\n","protected":false},"excerpt":{"rendered":"<p>J&rsquo;ai habit\u00e9 \u00e0 Ath\u00e8nes et j&rsquo;ai perdu le compte du nombre de fois o\u00f9 j&rsquo;y suis retourn\u00e9e depuis ! \u00c0 chaque fois, on me pose la m\u00eame question :<strong> tu vas o\u00f9, toi \u00e0 Ath\u00e8nes<\/strong> ?<\/p>\n<p>Cette liste Google Maps, c&rsquo;est ma r\u00e9ponse : <strong>plus de 80 adresses test\u00e9es personnellement<\/strong>, des spots pour le petit dej du matin jusqu&rsquo;aux rooftops avec vue sur l&rsquo;Acropole en fin de journ\u00e9e, en passant par des tavernas cach\u00e9es \u00e0 Koukaki et des plages le long de la Riviera ath\u00e9nienne que la plupart des touristes ne connaissent pas. Tu l&rsquo;ouvres sur ton t\u00e9l\u00e9phone et c&rsquo;est parti !<\/p>\n","protected":false},"featured_media":237,"comment_status":"open","ping_status":"closed","template":"","meta":{"_kad_post_transparent":"","_kad_post_title":"","_kad_post_layout":"","_kad_post_sidebar_id":"","_kad_post_content_style":"","_kad_post_vertical_padding":"","_kad_post_feature":"","_kad_post_feature_position":"","_kad_post_header":false,"_kad_post_footer":false,"_kad_post_classname":""},"product_brand":[],"product_cat":[27],"product_tag":[],"class_list":{"0":"post-234","1":"product","2":"type-product","3":"status-publish","4":"has-post-thumbnail","6":"product_cat-non-classe","8":"first","9":"instock","10":"downloadable","11":"virtual","12":"sold-individually","13":"purchasable","14":"product-type-simple","15":"entry","16":"content-bg","17":"loop-entry"},"_links":{"self":[{"href":"https:\/\/boutique.thebeachmuse.com\/fr\/wp-json\/wp\/v2\/product\/234","targetHints":{"allow":["GET"]}}],"collection":[{"href":"https:\/\/boutique.thebeachmuse.com\/fr\/wp-json\/wp\/v2\/product"}],"about":[{"href":"https:\/\/boutique.thebeachmuse.com\/fr\/wp-json\/wp\/v2\/types\/product"}],"replies":[{"embeddable":true,"href":"https:\/\/boutique.thebeachmuse.com\/fr\/wp-json\/wp\/v2\/comments?post=234"}],"wp:featuredmedia":[{"embeddable":true,"href":"https:\/\/boutique.thebeachmuse.com\/fr\/wp-json\/wp\/v2\/media\/237"}],"wp:attachment":[{"href":"https:\/\/boutique.thebeachmuse.com\/fr\/wp-json\/wp\/v2\/media?parent=234"}],"wp:term":[{"taxonomy":"product_brand","embeddable":true,"href":"https:\/\/boutique.thebeachmuse.com\/fr\/wp-json\/wp\/v2\/product_brand?post=234"},{"taxonomy":"product_cat","embeddable":true,"href":"https:\/\/boutique.thebeachmuse.com\/fr\/wp-json\/wp\/v2\/product_cat?post=234"},{"taxonomy":"product_tag","embeddable":true,"href":"https:\/\/boutique.thebeachmuse.com\/fr\/wp-json\/wp\/v2\/product_tag?post=234"}],"curies":[{"name":"wp","href":"https:\/\/api.w.org\/{rel}","templated":true}]}}